{"id":365,"date":"2020-10-21T20:42:43","date_gmt":"2020-10-21T18:42:43","guid":{"rendered":"http:\/\/www.ribeirocoquillages.com\/?page_id=365"},"modified":"2020-10-21T20:45:25","modified_gmt":"2020-10-21T18:45:25","slug":"violets","status":"publish","type":"page","link":"https:\/\/www.ribeirocoquillages.com\/index.php\/nos-produits\/violets\/","title":{"rendered":"Violets"},"content":{"rendered":"\t\t<div data-elementor-type=\"wp-page\" data-elementor-id=\"365\" class=\"elementor elementor-365\" data-elementor-settings=\"[]\">\n\t\t\t\t\t\t<div class=\"elementor-inner\">\n\t\t\t\t\t\t\t<div class=\"elementor-section-wrap\">\n\t\t\t\t\t\t\t<section class=\"elementor-section elementor-top-section elementor-element elementor-element-e2bf52e elementor-section-boxed elementor-section-height-default elementor-section-height-default\" data-id=\"e2bf52e\" data-element_type=\"section\">\n\t\t\t\t\t\t<div class=\"elementor-container elementor-column-gap-default\">\n\t\t\t\t\t\t\t<div class=\"elementor-row\">\n\t\t\t\t\t<div class=\"elementor-column elementor-col-100 elementor-top-column elementor-element elementor-element-c40d843\" data-id=\"c40d843\" data-element_type=\"column\">\n\t\t\t<div class=\"elementor-column-wrap elementor-element-populated\">\n\t\t\t\t\t\t\t<div class=\"elementor-widget-wrap\">\n\t\t\t\t\t\t<div class=\"elementor-element elementor-element-7774b6a elementor-widget elementor-widget-heading\" data-id=\"7774b6a\" data-element_type=\"widget\" data-widget_type=\"heading.default\">\n\t\t\t\t<div class=\"elementor-widget-container\">\n\t\t\t<h2 class=\"elementor-heading-title elementor-size-default\">Violets<\/h2>\t\t<\/div>\n\t\t\t\t<\/div>\n\t\t\t\t\t\t<\/div>\n\t\t\t\t\t<\/div>\n\t\t<\/div>\n\t\t\t\t\t\t\t\t<\/div>\n\t\t\t\t\t<\/div>\n\t\t<\/section>\n\t\t\t\t<section class=\"elementor-section elementor-top-section elementor-element elementor-element-15b9d94 elementor-section-boxed elementor-section-height-default elementor-section-height-default\" data-id=\"15b9d94\" data-element_type=\"section\">\n\t\t\t\t\t\t<div class=\"elementor-container elementor-column-gap-default\">\n\t\t\t\t\t\t\t<div class=\"elementor-row\">\n\t\t\t\t\t<div class=\"elementor-column elementor-col-50 elementor-top-column elementor-element elementor-element-bf22c7b\" data-id=\"bf22c7b\" data-element_type=\"column\">\n\t\t\t<div class=\"elementor-column-wrap elementor-element-populated\">\n\t\t\t\t\t\t\t<div class=\"elementor-widget-wrap\">\n\t\t\t\t\t\t<div class=\"elementor-element elementor-element-3864277 elementor-widget elementor-widget-text-editor\" data-id=\"3864277\" data-element_type=\"widget\" data-widget_type=\"text-editor.default\">\n\t\t\t\t<div class=\"elementor-widget-container\">\n\t\t\t\t\t\t\t\t<div class=\"elementor-text-editor elementor-clearfix\">\n\t\t\t\t<div dir=\"auto\" style=\"color: #222222; font-family: Arial, Helvetica, sans-serif; font-size: small;\">\u00a0<\/div><div dir=\"auto\" style=\"color: #222222; font-family: Arial, Helvetica, sans-serif; font-size: small;\">MICROCOSMUS SABATIERI<\/div><div dir=\"auto\" style=\"color: #222222; font-family: Arial, Helvetica, sans-serif; font-size: small;\">Provenance : P\u00each\u00e9s en mer M\u00e9diterran\u00e9e<\/div><div dir=\"auto\" style=\"color: #222222; font-family: Arial, Helvetica, sans-serif; font-size: small;\">\u00a0<\/div><div dir=\"auto\" style=\"color: #222222; font-family: Arial, Helvetica, sans-serif; font-size: small;\">Le Violet vit sur roches.\u00a0<\/div><div dir=\"auto\" style=\"color: #222222; font-family: Arial, Helvetica, sans-serif; font-size: small;\">Il se nourrit en filtrant l\u2019eau de mer, en forme de grosse pomme de terre brun noir (outre), recouvert d\u2019\u00e9pibiotes (organismes fix\u00e9s), d\u2019o\u00f9 son nom scientifique (Microcosmus \u00ab petit monde \u00bb), \u00e0 t\u00e9gument \u00e9pais et chair jaune vif, avec un orifice buccal (siphon) \u00e0 une extr\u00e9mit\u00e9, et un orifice anal au milieu du corps (siphons marqu\u00e9s de 8 stries roses), fix\u00e9 au substrat par la partie post\u00e9rieure.<\/div><div dir=\"auto\" style=\"color: #222222; font-family: Arial, Helvetica, sans-serif; font-size: small;\">\u00a0<\/div><div dir=\"auto\" style=\"color: #222222; font-family: Arial, Helvetica, sans-serif; font-size: small;\">Le violet m\u00e9diterran\u00e9en est consomm\u00e9 cru, souvent avec un condiment acide (jus de citron ou vinaigre \u00e0 l\u2019\u00e9chalote). Le go\u00fbt tr\u00e8s fortement iod\u00e9 rappel les saveurs de mediterran\u00e9ennes<\/div>\t\t\t\t\t<\/div>\n\t\t\t\t\t\t<\/div>\n\t\t\t\t<\/div>\n\t\t\t\t\t\t<\/div>\n\t\t\t\t\t<\/div>\n\t\t<\/div>\n\t\t\t\t<div class=\"elementor-column elementor-col-50 elementor-top-column elementor-element elementor-element-3c53dd2\" data-id=\"3c53dd2\" data-element_type=\"column\">\n\t\t\t<div class=\"elementor-column-wrap elementor-element-populated\">\n\t\t\t\t\t\t\t<div class=\"elementor-widget-wrap\">\n\t\t\t\t\t\t<div class=\"elementor-element elementor-element-e89a85d elementor-widget elementor-widget-image\" data-id=\"e89a85d\" data-element_type=\"widget\" data-widget_type=\"image.default\">\n\t\t\t\t<div class=\"elementor-widget-container\">\n\t\t\t\t\t\t\t\t<div class=\"elementor-image\">\n\t\t\t\t\t\t\t\t\t\t\t\t<img loading=\"lazy\" decoding=\"async\" width=\"225\" height=\"225\" src=\"https:\/\/www.ribeirocoquillages.com\/wp-content\/uploads\/2020\/10\/t\u00e9l\u00e9chargement-20.jpg\" class=\"attachment-large size-large\" alt=\"\" srcset=\"https:\/\/www.ribeirocoquillages.com\/wp-content\/uploads\/2020\/10\/t\u00e9l\u00e9chargement-20.jpg 225w, https:\/\/www.ribeirocoquillages.com\/wp-content\/uploads\/2020\/10\/t\u00e9l\u00e9chargement-20-150x150.jpg 150w\" sizes=\"auto, 100vw\" \/>\t\t\t\t\t\t\t\t\t\t\t\t\t\t<\/div>\n\t\t\t\t\t\t<\/div>\n\t\t\t\t<\/div>\n\t\t\t\t\t\t<\/div>\n\t\t\t\t\t<\/div>\n\t\t<\/div>\n\t\t\t\t\t\t\t\t<\/div>\n\t\t\t\t\t<\/div>\n\t\t<\/section>\n\t\t\t\t<section class=\"elementor-section elementor-top-section elementor-element elementor-element-2afd442 elementor-section-boxed elementor-section-height-default elementor-section-height-default\" data-id=\"2afd442\" data-element_type=\"section\">\n\t\t\t\t\t\t<div class=\"elementor-container elementor-column-gap-default\">\n\t\t\t\t\t\t\t<div class=\"elementor-row\">\n\t\t\t\t\t<div class=\"elementor-column elementor-col-100 elementor-top-column elementor-element elementor-element-b78e04b\" data-id=\"b78e04b\" data-element_type=\"column\">\n\t\t\t<div class=\"elementor-column-wrap elementor-element-populated\">\n\t\t\t\t\t\t\t<div class=\"elementor-widget-wrap\">\n\t\t\t\t\t\t<div class=\"elementor-element elementor-element-7cce03c elementor-aspect-ratio-169 elementor-widget elementor-widget-video\" data-id=\"7cce03c\" data-element_type=\"widget\" data-settings=\"{&quot;youtube_url&quot;:&quot;https:\\\/\\\/www.youtube.com\\\/watch?v=TNzKzBTwEO8&quot;,&quot;video_type&quot;:&quot;youtube&quot;,&quot;controls&quot;:&quot;yes&quot;,&quot;aspect_ratio&quot;:&quot;169&quot;}\" data-widget_type=\"video.default\">\n\t\t\t\t<div class=\"elementor-widget-container\">\n\t\t\t\t\t<div class=\"elementor-wrapper elementor-fit-aspect-ratio elementor-open-inline\">\n\t\t\t<div class=\"elementor-video\"><\/div>\t\t<\/div>\n\t\t\t\t<\/div>\n\t\t\t\t<\/div>\n\t\t\t\t\t\t<\/div>\n\t\t\t\t\t<\/div>\n\t\t<\/div>\n\t\t\t\t\t\t\t\t<\/div>\n\t\t\t\t\t<\/div>\n\t\t<\/section>\n\t\t\t\t\t\t<\/div>\n\t\t\t\t\t\t<\/div>\n\t\t\t\t\t<\/div>\n\t\t","protected":false},"excerpt":{"rendered":"<p>Violets \u00a0MICROCOSMUS SABATIERIProvenance : P\u00each\u00e9s en mer M\u00e9diterran\u00e9e\u00a0Le Violet vit sur roches.\u00a0Il se nourrit en filtrant l\u2019eau de mer, en forme de grosse pomme de terre brun noir (outre), recouvert d\u2019\u00e9pibiotes (organismes fix\u00e9s), d\u2019o\u00f9 son nom scientifique (Microcosmus \u00ab petit monde \u00bb), \u00e0 t\u00e9gument \u00e9pais et chair jaune vif, avec un orifice buccal (siphon) \u00e0 &hellip; <\/p>\n<p class=\"link-more\"><a href=\"https:\/\/www.ribeirocoquillages.com\/index.php\/nos-produits\/violets\/\" class=\"more-link\">Read more<span class=\"screen-reader-text\"> &#8220;Violets&#8221;<\/span><\/a><\/p>\n","protected":false},"author":1,"featured_media":0,"parent":272,"menu_order":0,"comment_status":"closed","ping_status":"closed","template":"elementor_header_footer","meta":{"footnotes":""},"class_list":["post-365","page","type-page","status-publish","hentry"],"_links":{"self":[{"href":"https:\/\/www.ribeirocoquillages.com\/index.php\/wp-json\/wp\/v2\/pages\/365","targetHints":{"allow":["GET"]}}],"collection":[{"href":"https:\/\/www.ribeirocoquillages.com\/index.php\/wp-json\/wp\/v2\/pages"}],"about":[{"href":"https:\/\/www.ribeirocoquillages.com\/index.php\/wp-json\/wp\/v2\/types\/page"}],"author":[{"embeddable":true,"href":"https:\/\/www.ribeirocoquillages.com\/index.php\/wp-json\/wp\/v2\/users\/1"}],"replies":[{"embeddable":true,"href":"https:\/\/www.ribeirocoquillages.com\/index.php\/wp-json\/wp\/v2\/comments?post=365"}],"version-history":[{"count":4,"href":"https:\/\/www.ribeirocoquillages.com\/index.php\/wp-json\/wp\/v2\/pages\/365\/revisions"}],"predecessor-version":[{"id":371,"href":"https:\/\/www.ribeirocoquillages.com\/index.php\/wp-json\/wp\/v2\/pages\/365\/revisions\/371"}],"up":[{"embeddable":true,"href":"https:\/\/www.ribeirocoquillages.com\/index.php\/wp-json\/wp\/v2\/pages\/272"}],"wp:attachment":[{"href":"https:\/\/www.ribeirocoquillages.com\/index.php\/wp-json\/wp\/v2\/media?parent=365"}],"curies":[{"name":"wp","href":"https:\/\/api.w.org\/{rel}","templated":true}]}}