{"id":338,"date":"2020-10-21T19:52:02","date_gmt":"2020-10-21T17:52:02","guid":{"rendered":"http:\/\/www.ribeirocoquillages.com\/?page_id=338"},"modified":"2020-10-21T20:23:13","modified_gmt":"2020-10-21T18:23:13","slug":"palourde","status":"publish","type":"page","link":"https:\/\/www.ribeirocoquillages.com\/index.php\/nos-produits\/palourde\/","title":{"rendered":"Palourde"},"content":{"rendered":"\t\t<div data-elementor-type=\"wp-page\" data-elementor-id=\"338\" class=\"elementor elementor-338\" data-elementor-settings=\"[]\">\n\t\t\t\t\t\t<div class=\"elementor-inner\">\n\t\t\t\t\t\t\t<div class=\"elementor-section-wrap\">\n\t\t\t\t\t\t\t<section class=\"elementor-section elementor-top-section elementor-element elementor-element-eba505c elementor-section-boxed elementor-section-height-default elementor-section-height-default\" data-id=\"eba505c\" data-element_type=\"section\">\n\t\t\t\t\t\t<div class=\"elementor-container elementor-column-gap-default\">\n\t\t\t\t\t\t\t<div class=\"elementor-row\">\n\t\t\t\t\t<div class=\"elementor-column elementor-col-100 elementor-top-column elementor-element elementor-element-f99f02d\" data-id=\"f99f02d\" data-element_type=\"column\">\n\t\t\t<div class=\"elementor-column-wrap elementor-element-populated\">\n\t\t\t\t\t\t\t<div class=\"elementor-widget-wrap\">\n\t\t\t\t\t\t<div class=\"elementor-element elementor-element-9f816b1 elementor-widget elementor-widget-heading\" data-id=\"9f816b1\" data-element_type=\"widget\" data-widget_type=\"heading.default\">\n\t\t\t\t<div class=\"elementor-widget-container\">\n\t\t\t<h2 class=\"elementor-heading-title elementor-size-large\"><span style=\"color: rgb(122, 122, 122); font-size: 16px; font-weight: 400; white-space: normal;\">Palourdes<\/span><\/h2>\t\t<\/div>\n\t\t\t\t<\/div>\n\t\t\t\t\t\t<\/div>\n\t\t\t\t\t<\/div>\n\t\t<\/div>\n\t\t\t\t\t\t\t\t<\/div>\n\t\t\t\t\t<\/div>\n\t\t<\/section>\n\t\t\t\t<section class=\"elementor-section elementor-top-section elementor-element elementor-element-8757e22 elementor-section-full_width elementor-section-height-default elementor-section-height-default\" data-id=\"8757e22\" data-element_type=\"section\">\n\t\t\t\t\t\t<div class=\"elementor-container elementor-column-gap-extended\">\n\t\t\t\t\t\t\t<div class=\"elementor-row\">\n\t\t\t\t\t<div class=\"elementor-column elementor-col-50 elementor-top-column elementor-element elementor-element-306fcc4\" data-id=\"306fcc4\" data-element_type=\"column\">\n\t\t\t<div class=\"elementor-column-wrap elementor-element-populated\">\n\t\t\t\t\t\t\t<div class=\"elementor-widget-wrap\">\n\t\t\t\t\t\t<div class=\"elementor-element elementor-element-5e0972b elementor-widget elementor-widget-text-editor\" data-id=\"5e0972b\" data-element_type=\"widget\" data-widget_type=\"text-editor.default\">\n\t\t\t\t<div class=\"elementor-widget-container\">\n\t\t\t\t\t\t\t\t<div class=\"elementor-text-editor elementor-clearfix\">\n\t\t\t\t<div dir=\"auto\">\u00a0<\/div><div dir=\"auto\">RUDIPATES<\/div><div dir=\"auto\">\u00a0<\/div><div dir=\"auto\">Provenance : P\u00each\u00e9es dans l&#8217;anse de carteau<\/div><div dir=\"auto\">\u00a0<\/div><div dir=\"auto\">La palourde est un coquillage qui poss\u00e8de une coquille solide et couverte de stries concentriques et rayonnantes, formant un d\u00e9licat quadrillage. Sa couleur varie du jaune plus ou moins clair au gris fonc\u00e9, parfois tachet\u00e9e de brun. Comme la coque et la praire, la palourde est un coquillage fouisseur. Elle vit dans les zones sablonneuses.<\/div><div dir=\"auto\">\u00a0<\/div><div dir=\"auto\">La palourde est consomm\u00e9e crue, nature ou avec un condiment acide (jus de citron ou vinaigre \u00e0 l\u2019\u00e9chalote) ou cuisin\u00e9e.<\/div><div dir=\"auto\">\u00a0<\/div>\t\t\t\t\t<\/div>\n\t\t\t\t\t\t<\/div>\n\t\t\t\t<\/div>\n\t\t\t\t\t\t<\/div>\n\t\t\t\t\t<\/div>\n\t\t<\/div>\n\t\t\t\t<div class=\"elementor-column elementor-col-50 elementor-top-column elementor-element elementor-element-30218d0\" data-id=\"30218d0\" data-element_type=\"column\">\n\t\t\t<div class=\"elementor-column-wrap elementor-element-populated\">\n\t\t\t\t\t\t\t<div class=\"elementor-widget-wrap\">\n\t\t\t\t\t\t<div class=\"elementor-element elementor-element-805dc69 elementor-widget elementor-widget-image\" data-id=\"805dc69\" data-element_type=\"widget\" data-widget_type=\"image.default\">\n\t\t\t\t<div class=\"elementor-widget-container\">\n\t\t\t\t\t\t\t\t<div class=\"elementor-image\">\n\t\t\t\t\t\t\t\t\t<figure class=\"wp-caption\">\n\t\t\t\t\t\t\t\t\t\t<img loading=\"lazy\" decoding=\"async\" width=\"236\" height=\"213\" src=\"https:\/\/www.ribeirocoquillages.com\/wp-content\/uploads\/2020\/10\/images-6.jpg\" class=\"attachment-medium_large size-medium_large\" alt=\"\" sizes=\"auto, 100vw\" \/>\t\t\t\t\t\t\t\t\t\t\t<figcaption class=\"widget-image-caption wp-caption-text\"><\/figcaption>\n\t\t\t\t\t\t\t\t\t\t<\/figure>\n\t\t\t\t\t\t\t\t<\/div>\n\t\t\t\t\t\t<\/div>\n\t\t\t\t<\/div>\n\t\t\t\t\t\t<\/div>\n\t\t\t\t\t<\/div>\n\t\t<\/div>\n\t\t\t\t\t\t\t\t<\/div>\n\t\t\t\t\t<\/div>\n\t\t<\/section>\n\t\t\t\t<section class=\"elementor-section elementor-top-section elementor-element elementor-element-0a193ca elementor-section-boxed elementor-section-height-default elementor-section-height-default\" data-id=\"0a193ca\" data-element_type=\"section\">\n\t\t\t\t\t\t<div class=\"elementor-container elementor-column-gap-default\">\n\t\t\t\t\t\t\t<div class=\"elementor-row\">\n\t\t\t\t\t<div class=\"elementor-column elementor-col-100 elementor-top-column elementor-element elementor-element-c760d54\" data-id=\"c760d54\" data-element_type=\"column\">\n\t\t\t<div class=\"elementor-column-wrap elementor-element-populated\">\n\t\t\t\t\t\t\t<div class=\"elementor-widget-wrap\">\n\t\t\t\t\t\t<div class=\"elementor-element elementor-element-5eb0412 elementor-aspect-ratio-169 elementor-widget elementor-widget-video\" data-id=\"5eb0412\" data-element_type=\"widget\" data-settings=\"{&quot;youtube_url&quot;:&quot;https:\\\/\\\/www.youtube.com\\\/watch?v=wlOkaVrsOCs&quot;,&quot;yt_privacy&quot;:&quot;yes&quot;,&quot;video_type&quot;:&quot;youtube&quot;,&quot;controls&quot;:&quot;yes&quot;,&quot;aspect_ratio&quot;:&quot;169&quot;}\" data-widget_type=\"video.default\">\n\t\t\t\t<div class=\"elementor-widget-container\">\n\t\t\t\t\t<div class=\"elementor-wrapper elementor-fit-aspect-ratio elementor-open-inline\">\n\t\t\t<div class=\"elementor-video\"><\/div>\t\t<\/div>\n\t\t\t\t<\/div>\n\t\t\t\t<\/div>\n\t\t\t\t\t\t<\/div>\n\t\t\t\t\t<\/div>\n\t\t<\/div>\n\t\t\t\t\t\t\t\t<\/div>\n\t\t\t\t\t<\/div>\n\t\t<\/section>\n\t\t\t\t\t\t<\/div>\n\t\t\t\t\t\t<\/div>\n\t\t\t\t\t<\/div>\n\t\t","protected":false},"excerpt":{"rendered":"<p>Palourdes \u00a0RUDIPATES\u00a0Provenance : P\u00each\u00e9es dans l&#8217;anse de carteau\u00a0La palourde est un coquillage qui poss\u00e8de une coquille solide et couverte de stries concentriques et rayonnantes, formant un d\u00e9licat quadrillage. Sa couleur varie du jaune plus ou moins clair au gris fonc\u00e9, parfois tachet\u00e9e de brun. Comme la coque et la praire, la palourde est un coquillage &hellip; <\/p>\n<p class=\"link-more\"><a href=\"https:\/\/www.ribeirocoquillages.com\/index.php\/nos-produits\/palourde\/\" class=\"more-link\">Read more<span class=\"screen-reader-text\"> &#8220;Palourde&#8221;<\/span><\/a><\/p>\n","protected":false},"author":1,"featured_media":0,"parent":272,"menu_order":4,"comment_status":"closed","ping_status":"closed","template":"elementor_header_footer","meta":{"footnotes":""},"class_list":["post-338","page","type-page","status-publish","hentry"],"_links":{"self":[{"href":"https:\/\/www.ribeirocoquillages.com\/index.php\/wp-json\/wp\/v2\/pages\/338","targetHints":{"allow":["GET"]}}],"collection":[{"href":"https:\/\/www.ribeirocoquillages.com\/index.php\/wp-json\/wp\/v2\/pages"}],"about":[{"href":"https:\/\/www.ribeirocoquillages.com\/index.php\/wp-json\/wp\/v2\/types\/page"}],"author":[{"embeddable":true,"href":"https:\/\/www.ribeirocoquillages.com\/index.php\/wp-json\/wp\/v2\/users\/1"}],"replies":[{"embeddable":true,"href":"https:\/\/www.ribeirocoquillages.com\/index.php\/wp-json\/wp\/v2\/comments?post=338"}],"version-history":[{"count":7,"href":"https:\/\/www.ribeirocoquillages.com\/index.php\/wp-json\/wp\/v2\/pages\/338\/revisions"}],"predecessor-version":[{"id":358,"href":"https:\/\/www.ribeirocoquillages.com\/index.php\/wp-json\/wp\/v2\/pages\/338\/revisions\/358"}],"up":[{"embeddable":true,"href":"https:\/\/www.ribeirocoquillages.com\/index.php\/wp-json\/wp\/v2\/pages\/272"}],"wp:attachment":[{"href":"https:\/\/www.ribeirocoquillages.com\/index.php\/wp-json\/wp\/v2\/media?parent=338"}],"curies":[{"name":"wp","href":"https:\/\/api.w.org\/{rel}","templated":true}]}}