{"id":286,"date":"2020-10-13T11:19:18","date_gmt":"2020-10-13T09:19:18","guid":{"rendered":"http:\/\/www.ribeirocoquillages.com\/?page_id=286"},"modified":"2020-10-13T12:05:20","modified_gmt":"2020-10-13T10:05:20","slug":"286-2","status":"publish","type":"page","link":"https:\/\/www.ribeirocoquillages.com\/index.php\/nos-produits\/286-2\/","title":{"rendered":"Praires"},"content":{"rendered":"\t\t<div data-elementor-type=\"wp-page\" data-elementor-id=\"286\" class=\"elementor elementor-286\" data-elementor-settings=\"[]\">\n\t\t\t\t\t\t<div class=\"elementor-inner\">\n\t\t\t\t\t\t\t<div class=\"elementor-section-wrap\">\n\t\t\t\t\t\t\t<section class=\"elementor-section elementor-top-section elementor-element elementor-element-2374d20 elementor-section-boxed elementor-section-height-default elementor-section-height-default\" data-id=\"2374d20\" data-element_type=\"section\">\n\t\t\t\t\t\t<div class=\"elementor-container elementor-column-gap-default\">\n\t\t\t\t\t\t\t<div class=\"elementor-row\">\n\t\t\t\t\t<div class=\"elementor-column elementor-col-100 elementor-top-column elementor-element elementor-element-4e7ee1a\" data-id=\"4e7ee1a\" data-element_type=\"column\">\n\t\t\t<div class=\"elementor-column-wrap elementor-element-populated\">\n\t\t\t\t\t\t\t<div class=\"elementor-widget-wrap\">\n\t\t\t\t\t\t<div class=\"elementor-element elementor-element-1a89622 elementor-widget elementor-widget-heading\" data-id=\"1a89622\" data-element_type=\"widget\" data-widget_type=\"heading.default\">\n\t\t\t\t<div class=\"elementor-widget-container\">\n\t\t\t<h2 class=\"elementor-heading-title elementor-size-large\"><font style=\"vertical-align: inherit;\"><font style=\"vertical-align: inherit;\">Praires<\/font><\/font><font style=\"vertical-align: inherit;\"><\/font><\/h2>\t\t<\/div>\n\t\t\t\t<\/div>\n\t\t\t\t<div class=\"elementor-element elementor-element-2887e6d elementor-widget elementor-widget-spacer\" data-id=\"2887e6d\" data-element_type=\"widget\" data-widget_type=\"spacer.default\">\n\t\t\t\t<div class=\"elementor-widget-container\">\n\t\t\t\t\t<div class=\"elementor-spacer\">\n\t\t\t<div class=\"elementor-spacer-inner\"><\/div>\n\t\t<\/div>\n\t\t\t\t<\/div>\n\t\t\t\t<\/div>\n\t\t\t\t<section class=\"elementor-section elementor-inner-section elementor-element elementor-element-ddbab76 elementor-section-boxed elementor-section-height-default elementor-section-height-default\" data-id=\"ddbab76\" data-element_type=\"section\">\n\t\t\t\t\t\t<div class=\"elementor-container elementor-column-gap-default\">\n\t\t\t\t\t\t\t<div class=\"elementor-row\">\n\t\t\t\t\t<div class=\"elementor-column elementor-col-50 elementor-inner-column elementor-element elementor-element-95fb6e0\" data-id=\"95fb6e0\" data-element_type=\"column\">\n\t\t\t<div class=\"elementor-column-wrap elementor-element-populated\">\n\t\t\t\t\t\t\t<div class=\"elementor-widget-wrap\">\n\t\t\t\t\t\t<div class=\"elementor-element elementor-element-685cc6a elementor-widget elementor-widget-text-editor\" data-id=\"685cc6a\" data-element_type=\"widget\" data-widget_type=\"text-editor.default\">\n\t\t\t\t<div class=\"elementor-widget-container\">\n\t\t\t\t\t\t\t\t<div class=\"elementor-text-editor elementor-clearfix\">\n\t\t\t\t<div dir=\"auto\" style=\"color: #222222; font-family: Arial, Helvetica, sans-serif; font-size: small;\">\u00a0<\/div><div dir=\"auto\" style=\"color: #222222; font-family: Arial, Helvetica, sans-serif; font-size: small;\"><span style=\"vertical-align: inherit;\"><span style=\"vertical-align: inherit;\">V\u00c9NUS<\/span><\/span><\/div><div dir=\"auto\" style=\"color: #222222; font-family: Arial, Helvetica, sans-serif; font-size: small;\"><span style=\"vertical-align: inherit;\"><span style=\"vertical-align: inherit;\">\u00a0<\/span><\/span><\/div><div dir=\"auto\" style=\"color: #222222; font-family: Arial, Helvetica, sans-serif; font-size: small;\"><span style=\"vertical-align: inherit;\"><span style=\"vertical-align: inherit;\">Provenance: P\u00each\u00e9es dans la. <\/span><span style=\"vertical-align: inherit;\">Anse de Carteau<\/span><\/span><\/div><div dir=\"auto\" style=\"color: #222222; font-family: Arial, Helvetica, sans-serif; font-size: small;\">\u00a0<\/div><div dir=\"auto\" style=\"color: #222222; font-family: Arial, Helvetica, sans-serif; font-size: small;\"><span style=\"vertical-align: inherit;\"><span style=\"vertical-align: inherit;\">La praire est un coquillage qui a une coquille \u00e9paisse, orn\u00e9e de stries concentriques tr\u00e8s marqu\u00e9es dont la couleur varie du blanc jaun\u00e2tre au blanc gris\u00e2tre.\u00a0<\/span><\/span><br \/><span style=\"vertical-align: inherit;\"><span style=\"vertical-align: inherit;\">C&#8217;est une esp\u00e8ce fouisseuse.<\/span><\/span><\/div><div dir=\"auto\" style=\"color: #222222; font-family: Arial, Helvetica, sans-serif; font-size: small;\">\u00a0<\/div><div dir=\"auto\" style=\"color: #222222; font-family: Arial, Helvetica, sans-serif; font-size: small;\"><span style=\"vertical-align: inherit;\"><span style=\"vertical-align: inherit;\">La praire est consomm\u00e9e cru, nature ou avec un condiment acide (jus de citron ou vinaigre \u00e0 l&#8217;\u00e9chalote) ou cuisin\u00e9e.\u00a0<\/span><\/span><br \/><span style=\"vertical-align: inherit;\"><span style=\"vertical-align: inherit;\"><br \/><\/span><\/span><\/div><div dir=\"auto\" style=\"color: #222222; font-family: Arial, Helvetica, sans-serif; font-size: small;\"><span style=\"vertical-align: inherit;\"><span style=\"vertical-align: inherit;\">Sa chaise est tr\u00e8s appr\u00e9ci\u00e9e des amateurs de fruits de mer car elle est \u00e0 la fois croquante, parfum\u00e9e et iod\u00e9e.<\/span><\/span><\/div>\t\t\t\t\t<\/div>\n\t\t\t\t\t\t<\/div>\n\t\t\t\t<\/div>\n\t\t\t\t\t\t<\/div>\n\t\t\t\t\t<\/div>\n\t\t<\/div>\n\t\t\t\t<div class=\"elementor-column elementor-col-50 elementor-inner-column elementor-element elementor-element-af2cc9c\" data-id=\"af2cc9c\" data-element_type=\"column\">\n\t\t\t<div class=\"elementor-column-wrap elementor-element-populated\">\n\t\t\t\t\t\t\t<div class=\"elementor-widget-wrap\">\n\t\t\t\t\t\t<div class=\"elementor-element elementor-element-b49f8ee elementor-widget elementor-widget-image\" data-id=\"b49f8ee\" data-element_type=\"widget\" data-widget_type=\"image.default\">\n\t\t\t\t<div class=\"elementor-widget-container\">\n\t\t\t\t\t\t\t\t<div class=\"elementor-image\">\n\t\t\t\t\t\t\t\t\t\t\t\t<img loading=\"lazy\" decoding=\"async\" width=\"768\" height=\"576\" src=\"https:\/\/www.ribeirocoquillages.com\/wp-content\/uploads\/2020\/10\/Praire_04-768x576.jpg\" class=\"attachment-medium_large size-medium_large\" alt=\"\" srcset=\"https:\/\/www.ribeirocoquillages.com\/wp-content\/uploads\/2020\/10\/Praire_04-768x576.jpg 768w, https:\/\/www.ribeirocoquillages.com\/wp-content\/uploads\/2020\/10\/Praire_04-300x225.jpg 300w, https:\/\/www.ribeirocoquillages.com\/wp-content\/uploads\/2020\/10\/Praire_04-1024x768.jpg 1024w, https:\/\/www.ribeirocoquillages.com\/wp-content\/uploads\/2020\/10\/Praire_04-850x638.jpg 850w, https:\/\/www.ribeirocoquillages.com\/wp-content\/uploads\/2020\/10\/Praire_04.jpg 2048w\" sizes=\"auto, 100vw\" \/>\t\t\t\t\t\t\t\t\t\t\t\t\t\t<\/div>\n\t\t\t\t\t\t<\/div>\n\t\t\t\t<\/div>\n\t\t\t\t\t\t<\/div>\n\t\t\t\t\t<\/div>\n\t\t<\/div>\n\t\t\t\t\t\t\t\t<\/div>\n\t\t\t\t\t<\/div>\n\t\t<\/section>\n\t\t\t\t<div class=\"elementor-element elementor-element-27837a7 elementor-widget elementor-widget-spacer\" data-id=\"27837a7\" data-element_type=\"widget\" data-widget_type=\"spacer.default\">\n\t\t\t\t<div class=\"elementor-widget-container\">\n\t\t\t\t\t<div class=\"elementor-spacer\">\n\t\t\t<div class=\"elementor-spacer-inner\"><\/div>\n\t\t<\/div>\n\t\t\t\t<\/div>\n\t\t\t\t<\/div>\n\t\t\t\t\t\t<\/div>\n\t\t\t\t\t<\/div>\n\t\t<\/div>\n\t\t\t\t\t\t\t\t<\/div>\n\t\t\t\t\t<\/div>\n\t\t<\/section>\n\t\t\t\t<section class=\"elementor-section elementor-top-section elementor-element elementor-element-130f5f3 elementor-section-boxed elementor-section-height-default elementor-section-height-default\" data-id=\"130f5f3\" data-element_type=\"section\">\n\t\t\t\t\t\t<div class=\"elementor-container elementor-column-gap-default\">\n\t\t\t\t\t\t\t<div class=\"elementor-row\">\n\t\t\t\t\t<div class=\"elementor-column elementor-col-100 elementor-top-column elementor-element elementor-element-7107c97\" data-id=\"7107c97\" data-element_type=\"column\">\n\t\t\t<div class=\"elementor-column-wrap elementor-element-populated\">\n\t\t\t\t\t\t\t<div class=\"elementor-widget-wrap\">\n\t\t\t\t\t\t<div class=\"elementor-element elementor-element-ac51f99 elementor-aspect-ratio-169 elementor-widget elementor-widget-video\" data-id=\"ac51f99\" data-element_type=\"widget\" data-settings=\"{&quot;youtube_url&quot;:&quot;https:\\\/\\\/www.youtube.com\\\/watch?v=d9Wr7foliOM&quot;,&quot;video_type&quot;:&quot;youtube&quot;,&quot;controls&quot;:&quot;yes&quot;,&quot;aspect_ratio&quot;:&quot;169&quot;}\" data-widget_type=\"video.default\">\n\t\t\t\t<div class=\"elementor-widget-container\">\n\t\t\t\t\t<div class=\"elementor-wrapper elementor-fit-aspect-ratio elementor-open-inline\">\n\t\t\t<div class=\"elementor-video\"><\/div>\t\t<\/div>\n\t\t\t\t<\/div>\n\t\t\t\t<\/div>\n\t\t\t\t\t\t<\/div>\n\t\t\t\t\t<\/div>\n\t\t<\/div>\n\t\t\t\t\t\t\t\t<\/div>\n\t\t\t\t\t<\/div>\n\t\t<\/section>\n\t\t\t\t\t\t<\/div>\n\t\t\t\t\t\t<\/div>\n\t\t\t\t\t<\/div>\n\t\t","protected":false},"excerpt":{"rendered":"<p>Praires \u00a0V\u00c9NUS\u00a0Provenance: P\u00each\u00e9es dans la. Anse de Carteau\u00a0La praire est un coquillage qui a une coquille \u00e9paisse, orn\u00e9e de stries concentriques tr\u00e8s marqu\u00e9es dont la couleur varie du blanc jaun\u00e2tre au blanc gris\u00e2tre.\u00a0C&#8217;est une esp\u00e8ce fouisseuse.\u00a0La praire est consomm\u00e9e cru, nature ou avec un condiment acide (jus de citron ou vinaigre \u00e0 l&#8217;\u00e9chalote) ou cuisin\u00e9e.\u00a0 &hellip; <\/p>\n<p class=\"link-more\"><a href=\"https:\/\/www.ribeirocoquillages.com\/index.php\/nos-produits\/286-2\/\" class=\"more-link\">Read more<span class=\"screen-reader-text\"> &#8220;Praires&#8221;<\/span><\/a><\/p>\n","protected":false},"author":1,"featured_media":0,"parent":272,"menu_order":2,"comment_status":"closed","ping_status":"closed","template":"elementor_header_footer","meta":{"footnotes":""},"class_list":["post-286","page","type-page","status-publish","hentry"],"_links":{"self":[{"href":"https:\/\/www.ribeirocoquillages.com\/index.php\/wp-json\/wp\/v2\/pages\/286","targetHints":{"allow":["GET"]}}],"collection":[{"href":"https:\/\/www.ribeirocoquillages.com\/index.php\/wp-json\/wp\/v2\/pages"}],"about":[{"href":"https:\/\/www.ribeirocoquillages.com\/index.php\/wp-json\/wp\/v2\/types\/page"}],"author":[{"embeddable":true,"href":"https:\/\/www.ribeirocoquillages.com\/index.php\/wp-json\/wp\/v2\/users\/1"}],"replies":[{"embeddable":true,"href":"https:\/\/www.ribeirocoquillages.com\/index.php\/wp-json\/wp\/v2\/comments?post=286"}],"version-history":[{"count":14,"href":"https:\/\/www.ribeirocoquillages.com\/index.php\/wp-json\/wp\/v2\/pages\/286\/revisions"}],"predecessor-version":[{"id":310,"href":"https:\/\/www.ribeirocoquillages.com\/index.php\/wp-json\/wp\/v2\/pages\/286\/revisions\/310"}],"up":[{"embeddable":true,"href":"https:\/\/www.ribeirocoquillages.com\/index.php\/wp-json\/wp\/v2\/pages\/272"}],"wp:attachment":[{"href":"https:\/\/www.ribeirocoquillages.com\/index.php\/wp-json\/wp\/v2\/media?parent=286"}],"curies":[{"name":"wp","href":"https:\/\/api.w.org\/{rel}","templated":true}]}}