{"id":277,"date":"2020-10-13T11:04:31","date_gmt":"2020-10-13T09:04:31","guid":{"rendered":"http:\/\/www.ribeirocoquillages.com\/?page_id=277"},"modified":"2021-12-29T09:28:24","modified_gmt":"2021-12-29T08:28:24","slug":"moule-carteau","status":"publish","type":"page","link":"https:\/\/www.ribeirocoquillages.com\/index.php\/nos-produits\/moule-carteau\/","title":{"rendered":"La moule de carteau"},"content":{"rendered":"<h2><font style=\"vertical-align: inherit;\"><font style=\"vertical-align: inherit;\"><font style=\"vertical-align: inherit;\"><font style=\"vertical-align: inherit;\"><font style=\"vertical-align: inherit;\"><font style=\"vertical-align: inherit;\"><font style=\"vertical-align: inherit;\"><font style=\"vertical-align: inherit;\">La Moule de Carteau <\/font><\/font><\/font><\/font><\/font><\/font><\/font><\/font><font style=\"vertical-align: inherit;\"><\/font><\/h2>\n<p><img decoding=\"async\" width=\"750\" height=\"1000\" src=\"http:\/\/www.ribeirocoquillages.com\/wp-content\/uploads\/2020\/10\/121143621_345675370003239_2095516018170655858_n-1-768x1024.jpg\" alt=\"\" loading=\"lazy\" srcset=\"http:\/\/www.ribeirocoquillages.com\/wp-content\/uploads\/2020\/10\/121143621_345675370003239_2095516018170655858_n-1.jpg 768w, http:\/\/www.ribeirocoquillages.com\/wp-content\/uploads\/2020\/10\/121143621_345675370003239_2095516018170655858_n-1-225x300.jpg 225w, http:\/\/www.ribeirocoquillages.com\/wp-content\/uploads\/2020\/10\/121143621_345675370003239_2095516018170655858_n-1-300x400.jpg 300w\" sizes=\"auto, (max-width: 750px) 100vw, 750px\"><br \/>\nMYTILUS GALLOPROVINCIALIS&nbsp;Provenance : Elevage&nbsp;La moule de M\u00e9diterran\u00e9e vit juste sous la surface de l\u2019eau.&nbsp;<br \/>\nL\u2019int\u00e9rieur de la coquille est form\u00e9 de muscles.&nbsp;Sa coquille allong\u00e9e noire mesure de 6 \u00e0 15 cm Comestible, elle est consomm\u00e9e depuis l\u2019Antiquit\u00e9 et provient de la province romaine de Provence, d\u2019o\u00f9 son nom scientifique.&nbsp;La moule de Carteau est consomm\u00e9e crue, en sauce ou bien farcie.<br \/>\n<iframe loading=\"lazy\" title=\"Moules gratin\u00e9es persillade Cyril Lignac\" width=\"950\" height=\"534\" src=\"https:\/\/www.youtube.com\/embed\/MszDeQc1sD8?feature=oembed\" frameborder=\"0\" allow=\"accelerometer; autoplay; clipboard-write; encrypted-media; gyroscope; picture-in-picture\" allowfullscreen><\/iframe><\/p>\n<figure><img decoding=\"async\" src=\"http:\/\/www.ribeirocoquillages.com\/wp-content\/uploads\/2021\/12\/Sans-titre-10-150x150.png\" alt=\"Sans titre (10)\"><\/figure>\n<figure><img decoding=\"async\" src=\"http:\/\/www.ribeirocoquillages.com\/wp-content\/uploads\/2020\/10\/121143621_345675370003239_2095516018170655858_n-1-150x150.jpg\" alt=\"121143621_345675370003239_2095516018170655858_n (1)\"><\/figure>\n<p>Previous<br \/>\nNext<\/p>\n","protected":false},"excerpt":{"rendered":"<p>La Moule de Carteau MYTILUS GALLOPROVINCIALIS&nbsp;Provenance : Elevage&nbsp;La moule de M\u00e9diterran\u00e9e vit juste sous la surface de l\u2019eau.&nbsp; L\u2019int\u00e9rieur de la coquille est form\u00e9 de muscles.&nbsp;Sa coquille allong\u00e9e noire mesure de 6 \u00e0 15 cm Comestible, elle est consomm\u00e9e depuis l\u2019Antiquit\u00e9 et provient de la province romaine de Provence, d\u2019o\u00f9 son nom scientifique.&nbsp;La moule de &hellip; <\/p>\n<p class=\"link-more\"><a href=\"https:\/\/www.ribeirocoquillages.com\/index.php\/nos-produits\/moule-carteau\/\" class=\"more-link\">Read more<span class=\"screen-reader-text\"> &#8220;La moule de carteau&#8221;<\/span><\/a><\/p>\n","protected":false},"author":1,"featured_media":0,"parent":272,"menu_order":3,"comment_status":"closed","ping_status":"closed","template":"elementor_header_footer","meta":{"footnotes":""},"class_list":["post-277","page","type-page","status-publish","hentry"],"_links":{"self":[{"href":"https:\/\/www.ribeirocoquillages.com\/index.php\/wp-json\/wp\/v2\/pages\/277","targetHints":{"allow":["GET"]}}],"collection":[{"href":"https:\/\/www.ribeirocoquillages.com\/index.php\/wp-json\/wp\/v2\/pages"}],"about":[{"href":"https:\/\/www.ribeirocoquillages.com\/index.php\/wp-json\/wp\/v2\/types\/page"}],"author":[{"embeddable":true,"href":"https:\/\/www.ribeirocoquillages.com\/index.php\/wp-json\/wp\/v2\/users\/1"}],"replies":[{"embeddable":true,"href":"https:\/\/www.ribeirocoquillages.com\/index.php\/wp-json\/wp\/v2\/comments?post=277"}],"version-history":[{"count":15,"href":"https:\/\/www.ribeirocoquillages.com\/index.php\/wp-json\/wp\/v2\/pages\/277\/revisions"}],"predecessor-version":[{"id":462,"href":"https:\/\/www.ribeirocoquillages.com\/index.php\/wp-json\/wp\/v2\/pages\/277\/revisions\/462"}],"up":[{"embeddable":true,"href":"https:\/\/www.ribeirocoquillages.com\/index.php\/wp-json\/wp\/v2\/pages\/272"}],"wp:attachment":[{"href":"https:\/\/www.ribeirocoquillages.com\/index.php\/wp-json\/wp\/v2\/media?parent=277"}],"curies":[{"name":"wp","href":"https:\/\/api.w.org\/{rel}","templated":true}]}}