{"id":18,"date":"2019-05-16T10:04:30","date_gmt":"2019-05-16T08:04:30","guid":{"rendered":"http:\/\/www.ribeirocoquillages.com\/?page_id=18"},"modified":"2025-05-06T08:57:29","modified_gmt":"2025-05-06T06:57:29","slug":"accueil","status":"publish","type":"page","link":"https:\/\/www.ribeirocoquillages.com\/","title":{"rendered":"Bienvenue chez ETS Ribeiro"},"content":{"rendered":"\t\t<div data-elementor-type=\"wp-page\" data-elementor-id=\"18\" class=\"elementor elementor-18\" data-elementor-settings=\"[]\">\n\t\t\t\t\t\t<div class=\"elementor-inner\">\n\t\t\t\t\t\t\t<div class=\"elementor-section-wrap\">\n\t\t\t\t\t\t\t<section class=\"elementor-section elementor-top-section elementor-element elementor-element-1201f1f elementor-section-boxed elementor-section-height-default elementor-section-height-default\" data-id=\"1201f1f\" data-element_type=\"section\">\n\t\t\t\t\t\t<div class=\"elementor-container elementor-column-gap-default\">\n\t\t\t\t\t\t\t<div class=\"elementor-row\">\n\t\t\t\t\t<div class=\"elementor-column elementor-col-100 elementor-top-column elementor-element elementor-element-8974769\" data-id=\"8974769\" data-element_type=\"column\">\n\t\t\t<div class=\"elementor-column-wrap elementor-element-populated\">\n\t\t\t\t\t\t\t<div class=\"elementor-widget-wrap\">\n\t\t\t\t\t\t<div class=\"elementor-element elementor-element-210b071 elementor-widget elementor-widget-text-editor\" data-id=\"210b071\" data-element_type=\"widget\" data-widget_type=\"text-editor.default\">\n\t\t\t\t<div class=\"elementor-widget-container\">\n\t\t\t\t\t\t\t\t<div class=\"elementor-text-editor elementor-clearfix\">\n\t\t\t\t<p class=\"MsoNormal\" style=\"text-align: center;\"><span style=\"font-size: 14pt; line-height: 107%; font-family: 'Bookman Old Style', serif; color: black; background-image: initial; background-position: initial; background-size: initial; background-repeat: initial; background-attachment: initial; background-origin: initial; background-clip: initial;\"><span style=\"vertical-align: inherit;\"><span style=\"vertical-align: inherit;\"><span style=\"vertical-align: inherit;\"><span style=\"vertical-align: inherit;\"><span style=\"vertical-align: inherit;\"><span style=\"vertical-align: inherit;\">Avant tout&#8230;<\/span><\/span><\/span><\/span><\/span><\/span><\/span><\/p><p class=\"MsoNormal\" style=\"text-align: center;\"><span style=\"font-size: 14pt; line-height: 107%; font-family: 'Bookman Old Style', serif; color: black; background-image: initial; background-position: initial; background-size: initial; background-repeat: initial; background-attachment: initial; background-origin: initial; background-clip: initial;\">\u00a0<\/span><\/p><p class=\"MsoNormal\" style=\"text-align: center;\"><span style=\"font-size: 14pt; line-height: 107%; font-family: 'Bookman Old Style', serif; color: black; background-image: initial; background-position: initial; background-size: initial; background-repeat: initial; background-attachment: initial; background-origin: initial; background-clip: initial;\"><span style=\"vertical-align: inherit;\"><span style=\"vertical-align: inherit;\"><span style=\"vertical-align: inherit;\"><span style=\"vertical-align: inherit;\"><span style=\"vertical-align: inherit;\"><span style=\"vertical-align: inherit;\">Nous sommes une entreprise familiale. <\/span><\/span><\/span><\/span><\/span> <span style=\"vertical-align: inherit;\"><span style=\"vertical-align: inherit;\"><span style=\"vertical-align: inherit;\"><span style=\"vertical-align: inherit;\"><span style=\"vertical-align: inherit;\">Producteur en Camargue depuis 3 g\u00e9n\u00e9rations producteur P\u00eacheur de coquillage<\/span><\/span><\/span><\/span><\/span><\/span><\/span><\/p><p class=\"MsoNormal\" style=\"text-align: center;\"><span style=\"font-size: 14pt; line-height: 107%; font-family: 'Bookman Old Style', serif; color: black; background-image: initial; background-position: initial; background-size: initial; background-repeat: initial; background-attachment: initial; background-origin: initial; background-clip: initial;\"><span style=\"vertical-align: inherit;\"><span style=\"vertical-align: inherit;\"><span style=\"vertical-align: inherit;\"><span style=\"vertical-align: inherit;\"><span style=\"vertical-align: inherit;\"><span style=\"vertical-align: inherit;\">\u00a0\u00e0 Port-Saint-Louis-du-Rh\u00f4ne et sur les march\u00e9s de notre belle r\u00e9gion\u00a0<\/span><\/span><\/span><\/span><\/span><\/span><\/span><span style=\"font-size: 18.6667px; color: black;\"><span style=\"vertical-align: inherit;\"><span style=\"vertical-align: inherit;\"><span style=\"vertical-align: inherit;\"><span style=\"vertical-align: inherit;\"> ( Istres, Martigues, Arles&#8230;)<\/span><\/span><\/span><\/span><\/span><\/p><p class=\"MsoNormal\" style=\"text-align: center;\"><span style=\"font-size: 14pt; line-height: 107%; font-family: 'Bookman Old Style', serif; color: black; background-image: initial; background-position: initial; background-size: initial; background-repeat: initial; background-attachment: initial; background-origin: initial; background-clip: initial;\">\u00a0<\/span><\/p><p class=\"MsoNormal\" style=\"text-align: center;\"><span style=\"font-size: 14.0pt; line-height: 107%; font-family: 'Bookman Old Style',serif; color: black; mso-themecolor: text1;\"><span style=\"vertical-align: inherit;\"><span style=\"vertical-align: inherit;\"><span style=\"vertical-align: inherit;\"><span style=\"vertical-align: inherit;\"><span style=\"vertical-align: inherit;\"><span style=\"vertical-align: inherit;\">Innover et surprendre est d\u00e9sormais indispensable pour satisfaire une client\u00e8le toujours exigeante.\u00a0<\/span><\/span><\/span><\/span><\/span><\/span><\/span><\/p><p class=\"MsoNormal\" style=\"text-align: center;\"><span style=\"font-size: 14.0pt; line-height: 107%; font-family: 'Bookman Old Style',serif; color: black; mso-themecolor: text1;\"><span style=\"vertical-align: inherit;\"><span style=\"vertical-align: inherit;\"><span style=\"vertical-align: inherit;\"><span style=\"vertical-align: inherit;\"><span style=\"vertical-align: inherit;\"><span style=\"vertical-align: inherit;\">Nous avons mis au point un syst\u00e8me par la suite brevet\u00e9e pour cr\u00e9er une hu\u00eetre roul\u00e9e \u00e0 la vague.<\/span><\/span><\/span><\/span><\/span><\/span><\/span><\/p>\t\t\t\t\t<\/div>\n\t\t\t\t\t\t<\/div>\n\t\t\t\t<\/div>\n\t\t\t\t\t\t<\/div>\n\t\t\t\t\t<\/div>\n\t\t<\/div>\n\t\t\t\t\t\t\t\t<\/div>\n\t\t\t\t\t<\/div>\n\t\t<\/section>\n\t\t\t\t<section class=\"elementor-section elementor-top-section elementor-element elementor-element-a973855 elementor-section-boxed elementor-section-height-default elementor-section-height-default\" data-id=\"a973855\" data-element_type=\"section\">\n\t\t\t\t\t\t<div class=\"elementor-container elementor-column-gap-default\">\n\t\t\t\t\t\t\t<div class=\"elementor-row\">\n\t\t\t\t\t<div class=\"elementor-column elementor-col-100 elementor-top-column elementor-element elementor-element-ca51048\" data-id=\"ca51048\" data-element_type=\"column\">\n\t\t\t<div class=\"elementor-column-wrap elementor-element-populated\">\n\t\t\t\t\t\t\t<div class=\"elementor-widget-wrap\">\n\t\t\t\t\t\t<div class=\"elementor-element elementor-element-bc65bf0 elementor-aspect-ratio-169 elementor-widget elementor-widget-video\" data-id=\"bc65bf0\" data-element_type=\"widget\" data-settings=\"{&quot;video_type&quot;:&quot;hosted&quot;,&quot;autoplay&quot;:&quot;yes&quot;,&quot;loop&quot;:&quot;yes&quot;,&quot;controls&quot;:&quot;yes&quot;,&quot;aspect_ratio&quot;:&quot;169&quot;}\" data-widget_type=\"video.default\">\n\t\t\t\t<div class=\"elementor-widget-container\">\n\t\t\t\t\t<div class=\"e-hosted-video elementor-wrapper elementor-fit-aspect-ratio elementor-open-inline\">\n\t\t\t\t\t<video class=\"elementor-video\" src=\"http:\/\/www.ribeirocoquillages.com\/wp-content\/uploads\/2022\/09\/Sans-titre-1.mp4\" autoplay=\"\" loop=\"\" controls=\"\" controlsList=\"nodownload\"><\/video>\n\t\t\t\t<\/div>\n\t\t\t\t<\/div>\n\t\t\t\t<\/div>\n\t\t\t\t\t\t<\/div>\n\t\t\t\t\t<\/div>\n\t\t<\/div>\n\t\t\t\t\t\t\t\t<\/div>\n\t\t\t\t\t<\/div>\n\t\t<\/section>\n\t\t\t\t<section class=\"elementor-section elementor-top-section elementor-element elementor-element-e0e38b3 elementor-section-boxed elementor-section-height-default elementor-section-height-default\" data-id=\"e0e38b3\" data-element_type=\"section\">\n\t\t\t\t\t\t<div class=\"elementor-container elementor-column-gap-default\">\n\t\t\t\t\t\t\t<div class=\"elementor-row\">\n\t\t\t\t\t<div class=\"elementor-column elementor-col-100 elementor-top-column elementor-element elementor-element-1ed881c\" data-id=\"1ed881c\" data-element_type=\"column\">\n\t\t\t<div class=\"elementor-column-wrap elementor-element-populated\">\n\t\t\t\t\t\t\t<div class=\"elementor-widget-wrap\">\n\t\t\t\t\t\t<div class=\"elementor-element elementor-element-2ad0218 elementor-widget elementor-widget-heading\" data-id=\"2ad0218\" data-element_type=\"widget\" data-widget_type=\"heading.default\">\n\t\t\t\t<div class=\"elementor-widget-container\">\n\t\t\t<h2 class=\"elementor-heading-title elementor-size-default\">Laissez nous votre avis <\/h2>\t\t<\/div>\n\t\t\t\t<\/div>\n\t\t\t\t\t\t<\/div>\n\t\t\t\t\t<\/div>\n\t\t<\/div>\n\t\t\t\t\t\t\t\t<\/div>\n\t\t\t\t\t<\/div>\n\t\t<\/section>\n\t\t\t\t<section class=\"elementor-section elementor-top-section elementor-element elementor-element-f6682d0 elementor-section-boxed elementor-section-height-default elementor-section-height-default\" data-id=\"f6682d0\" data-element_type=\"section\">\n\t\t\t\t\t\t<div class=\"elementor-container elementor-column-gap-default\">\n\t\t\t\t\t\t\t<div class=\"elementor-row\">\n\t\t\t\t\t<div class=\"elementor-column elementor-col-100 elementor-top-column elementor-element elementor-element-196baa9\" data-id=\"196baa9\" data-element_type=\"column\">\n\t\t\t<div class=\"elementor-column-wrap elementor-element-populated\">\n\t\t\t\t\t\t\t<div class=\"elementor-widget-wrap\">\n\t\t\t\t\t\t<div class=\"elementor-element elementor-element-1cc8195 elementor-align-center elementor-widget elementor-widget-button\" data-id=\"1cc8195\" data-element_type=\"widget\" data-widget_type=\"button.default\">\n\t\t\t\t<div class=\"elementor-widget-container\">\n\t\t\t\t\t<div class=\"elementor-button-wrapper\">\n\t\t\t<a href=\"https:\/\/www.google.fr\/maps\/place\/Ets+Ribeiro,+Producteur+de+Coquillages+en+Camargue\/@43.3773803,4.8390822,15z\/data=!4m8!3m7!1s0x12b63dab43c31efd:0xffd3420ee99c064c!8m2!3d43.3773803!4d4.8390822!9m1!1b1!16s%2Fg%2F11h6gfpf7l?entry=ttu\" class=\"elementor-button-link elementor-button elementor-size-sm\" role=\"button\">\n\t\t\t\t\t\t<span class=\"elementor-button-content-wrapper\">\n\t\t\t\t\t\t<span class=\"elementor-button-text\">je donne mon avis <\/span>\n\t\t<\/span>\n\t\t\t\t\t<\/a>\n\t\t<\/div>\n\t\t\t\t<\/div>\n\t\t\t\t<\/div>\n\t\t\t\t\t\t<\/div>\n\t\t\t\t\t<\/div>\n\t\t<\/div>\n\t\t\t\t\t\t\t\t<\/div>\n\t\t\t\t\t<\/div>\n\t\t<\/section>\n\t\t\t\t<section class=\"elementor-section elementor-top-section elementor-element elementor-element-bfa3010 elementor-section-boxed elementor-section-height-default elementor-section-height-default\" data-id=\"bfa3010\" data-element_type=\"section\">\n\t\t\t\t\t\t<div class=\"elementor-container elementor-column-gap-default\">\n\t\t\t\t\t\t\t<div class=\"elementor-row\">\n\t\t\t\t\t<div class=\"elementor-column elementor-col-100 elementor-top-column elementor-element elementor-element-fe15c7c\" data-id=\"fe15c7c\" data-element_type=\"column\">\n\t\t\t<div class=\"elementor-column-wrap elementor-element-populated\">\n\t\t\t\t\t\t\t<div class=\"elementor-widget-wrap\">\n\t\t\t\t\t\t<div class=\"elementor-element elementor-element-f8b02c6 elementor-widget elementor-widget-google_maps\" data-id=\"f8b02c6\" data-element_type=\"widget\" data-widget_type=\"google_maps.default\">\n\t\t\t\t<div class=\"elementor-widget-container\">\n\t\t\t\t\t<div class=\"elementor-custom-embed\">\n\t\t\t<iframe frameborder=\"0\" scrolling=\"no\" marginheight=\"0\" marginwidth=\"0\"\n\t\t\t\t\tsrc=\"https:\/\/maps.google.com\/maps?q=ETS%20ribeiro&#038;t=m&#038;z=11&#038;output=embed&#038;iwloc=near\"\n\t\t\t\t\ttitle=\"ETS ribeiro\"\n\t\t\t\t\taria-label=\"ETS ribeiro\"\n\t\t\t><\/iframe>\n\t\t<\/div>\n\t\t\t\t<\/div>\n\t\t\t\t<\/div>\n\t\t\t\t\t\t<\/div>\n\t\t\t\t\t<\/div>\n\t\t<\/div>\n\t\t\t\t\t\t\t\t<\/div>\n\t\t\t\t\t<\/div>\n\t\t<\/section>\n\t\t\t\t\t\t<\/div>\n\t\t\t\t\t\t<\/div>\n\t\t\t\t\t<\/div>\n\t\t","protected":false},"excerpt":{"rendered":"<p>Avant tout&#8230; Nous sommes une entreprise familiale. Producteur en Camargue depuis 3 g\u00e9n\u00e9rations producteur P\u00eacheur de coquillage &nbsp;\u00e0 Port-Saint-Louis-du-Rh\u00f4ne et sur les march\u00e9s de notre belle r\u00e9gion&nbsp; ( Istres, Martigues, Arles&#8230;) Innover et surprendre est d\u00e9sormais indispensable pour satisfaire une client\u00e8le toujours exigeante.&nbsp; Nous avons mis au point un syst\u00e8me par la suite brevet\u00e9e pour &hellip; <\/p>\n<p class=\"link-more\"><a href=\"https:\/\/www.ribeirocoquillages.com\/\" class=\"more-link\">Read more<span class=\"screen-reader-text\"> &#8220;Bienvenue chez ETS Ribeiro&#8221;<\/span><\/a><\/p>\n","protected":false},"author":1,"featured_media":0,"parent":0,"menu_order":0,"comment_status":"closed","ping_status":"closed","template":"elementor_header_footer","meta":{"footnotes":""},"class_list":["post-18","page","type-page","status-publish","hentry"],"_links":{"self":[{"href":"https:\/\/www.ribeirocoquillages.com\/index.php\/wp-json\/wp\/v2\/pages\/18","targetHints":{"allow":["GET"]}}],"collection":[{"href":"https:\/\/www.ribeirocoquillages.com\/index.php\/wp-json\/wp\/v2\/pages"}],"about":[{"href":"https:\/\/www.ribeirocoquillages.com\/index.php\/wp-json\/wp\/v2\/types\/page"}],"author":[{"embeddable":true,"href":"https:\/\/www.ribeirocoquillages.com\/index.php\/wp-json\/wp\/v2\/users\/1"}],"replies":[{"embeddable":true,"href":"https:\/\/www.ribeirocoquillages.com\/index.php\/wp-json\/wp\/v2\/comments?post=18"}],"version-history":[{"count":67,"href":"https:\/\/www.ribeirocoquillages.com\/index.php\/wp-json\/wp\/v2\/pages\/18\/revisions"}],"predecessor-version":[{"id":609,"href":"https:\/\/www.ribeirocoquillages.com\/index.php\/wp-json\/wp\/v2\/pages\/18\/revisions\/609"}],"wp:attachment":[{"href":"https:\/\/www.ribeirocoquillages.com\/index.php\/wp-json\/wp\/v2\/media?parent=18"}],"curies":[{"name":"wp","href":"https:\/\/api.w.org\/{rel}","templated":true}]}}