{"id":10,"date":"2019-05-16T09:44:11","date_gmt":"2019-05-16T07:44:11","guid":{"rendered":"http:\/\/www.ribeirocoquillages.com\/?page_id=10"},"modified":"2020-09-21T09:13:35","modified_gmt":"2020-09-21T07:13:35","slug":"nous","status":"publish","type":"page","link":"https:\/\/www.ribeirocoquillages.com\/index.php\/nous\/","title":{"rendered":"Nous &#038; Presse"},"content":{"rendered":"\n<p>Bienvenue chez Ets Ribeiro Producteur de coquillages en Camargue de p\u00e8re en fils depuis 3 g\u00e9n\u00e9rations<\/p>\n\n\n\n<figure class=\"wp-block-image\"><img loading=\"lazy\" decoding=\"async\" width=\"1024\" height=\"578\" src=\"http:\/\/www.ribeirocoquillages.com\/wp-content\/uploads\/2019\/05\/coquillages-camargue-1024x578.png\" alt=\"\" class=\"wp-image-14\" srcset=\"https:\/\/www.ribeirocoquillages.com\/wp-content\/uploads\/2019\/05\/coquillages-camargue-1024x578.png 1024w, https:\/\/www.ribeirocoquillages.com\/wp-content\/uploads\/2019\/05\/coquillages-camargue-300x169.png 300w, https:\/\/www.ribeirocoquillages.com\/wp-content\/uploads\/2019\/05\/coquillages-camargue-768x434.png 768w, https:\/\/www.ribeirocoquillages.com\/wp-content\/uploads\/2019\/05\/coquillages-camargue-850x480.png 850w\" sizes=\"auto, (max-width: 1024px) 100vw, 1024px\" \/><\/figure>\n\n\n\n<p>Dans la presse<\/p>\n\n\n\n<figure class=\"wp-block-image\"><img loading=\"lazy\" decoding=\"async\" width=\"686\" height=\"1024\" src=\"http:\/\/www.ribeirocoquillages.com\/wp-content\/uploads\/2019\/12\/1-hd-1-686x1024.jpg\" alt=\"\" class=\"wp-image-176\" srcset=\"https:\/\/www.ribeirocoquillages.com\/wp-content\/uploads\/2019\/12\/1-hd-1-686x1024.jpg 686w, https:\/\/www.ribeirocoquillages.com\/wp-content\/uploads\/2019\/12\/1-hd-1-201x300.jpg 201w, https:\/\/www.ribeirocoquillages.com\/wp-content\/uploads\/2019\/12\/1-hd-1-768x1146.jpg 768w, https:\/\/www.ribeirocoquillages.com\/wp-content\/uploads\/2019\/12\/1-hd-1-300x448.jpg 300w, https:\/\/www.ribeirocoquillages.com\/wp-content\/uploads\/2019\/12\/1-hd-1-850x1268.jpg 850w, https:\/\/www.ribeirocoquillages.com\/wp-content\/uploads\/2019\/12\/1-hd-1.jpg 1861w\" sizes=\"auto, (max-width: 686px) 100vw, 686px\" \/><\/figure>\n\n\n\n<figure class=\"wp-block-image\"><img loading=\"lazy\" decoding=\"async\" width=\"686\" height=\"1024\" src=\"http:\/\/www.ribeirocoquillages.com\/wp-content\/uploads\/2019\/12\/3-hd-1-686x1024.jpg\" alt=\"\" class=\"wp-image-177\" srcset=\"https:\/\/www.ribeirocoquillages.com\/wp-content\/uploads\/2019\/12\/3-hd-1-686x1024.jpg 686w, https:\/\/www.ribeirocoquillages.com\/wp-content\/uploads\/2019\/12\/3-hd-1-201x300.jpg 201w, https:\/\/www.ribeirocoquillages.com\/wp-content\/uploads\/2019\/12\/3-hd-1-768x1146.jpg 768w, https:\/\/www.ribeirocoquillages.com\/wp-content\/uploads\/2019\/12\/3-hd-1-300x448.jpg 300w, https:\/\/www.ribeirocoquillages.com\/wp-content\/uploads\/2019\/12\/3-hd-1-850x1268.jpg 850w, https:\/\/www.ribeirocoquillages.com\/wp-content\/uploads\/2019\/12\/3-hd-1.jpg 1861w\" sizes=\"auto, (max-width: 686px) 100vw, 686px\" \/><\/figure>\n","protected":false},"excerpt":{"rendered":"<p>Bienvenue chez Ets Ribeiro Producteur de coquillages en Camargue de p\u00e8re en fils depuis 3 g\u00e9n\u00e9rations Dans la presse<\/p>\n","protected":false},"author":1,"featured_media":0,"parent":0,"menu_order":0,"comment_status":"closed","ping_status":"closed","template":"elementor_header_footer","meta":{"footnotes":""},"class_list":["post-10","page","type-page","status-publish","hentry"],"_links":{"self":[{"href":"https:\/\/www.ribeirocoquillages.com\/index.php\/wp-json\/wp\/v2\/pages\/10","targetHints":{"allow":["GET"]}}],"collection":[{"href":"https:\/\/www.ribeirocoquillages.com\/index.php\/wp-json\/wp\/v2\/pages"}],"about":[{"href":"https:\/\/www.ribeirocoquillages.com\/index.php\/wp-json\/wp\/v2\/types\/page"}],"author":[{"embeddable":true,"href":"https:\/\/www.ribeirocoquillages.com\/index.php\/wp-json\/wp\/v2\/users\/1"}],"replies":[{"embeddable":true,"href":"https:\/\/www.ribeirocoquillages.com\/index.php\/wp-json\/wp\/v2\/comments?post=10"}],"version-history":[{"count":4,"href":"https:\/\/www.ribeirocoquillages.com\/index.php\/wp-json\/wp\/v2\/pages\/10\/revisions"}],"predecessor-version":[{"id":178,"href":"https:\/\/www.ribeirocoquillages.com\/index.php\/wp-json\/wp\/v2\/pages\/10\/revisions\/178"}],"wp:attachment":[{"href":"https:\/\/www.ribeirocoquillages.com\/index.php\/wp-json\/wp\/v2\/media?parent=10"}],"curies":[{"name":"wp","href":"https:\/\/api.w.org\/{rel}","templated":true}]}}